{"id":54,"date":"2020-06-03T19:36:23","date_gmt":"2020-06-03T16:36:23","guid":{"rendered":"https:\/\/hophop.az\/foto-galeri-sayfali\/"},"modified":"2024-06-05T22:00:41","modified_gmt":"2024-06-05T18:00:41","slug":"foto-galeri-sayfali","status":"publish","type":"page","link":"https:\/\/hophop.az\/?page_id=54","title":{"rendered":"Foto Galeri (Sayfal\u0131)"},"content":{"rendered":"\n<p>Bu sayfada resimlerin yeni sayfada a\u00e7\u0131ld\u0131\u011f\u0131 bir galeri g\u00f6rmektesiniz. Ayn\u0131 galerinin lightbox ile a\u00e7\u0131lan haline <a href=\"https:\/\/hophop.az\/foto-galeri\/\" data-type=\"page\" data-id=\"68\">buradan<\/a> ula\u015fabilirsiniz.<\/p>\n\n\n\n<figure class=\"wp-block-gallery has-nested-images columns-default is-cropped wp-block-gallery-1 is-layout-flex wp-block-gallery-is-layout-flex\">\n<figure class=\"wp-block-image size-large\"><img loading=\"lazy\" decoding=\"async\" width=\"1024\" height=\"1024\" data-id=\"485\" src=\"https:\/\/hophop.az\/wp-content\/uploads\/2024\/06\/hiper-inci-1024x1024.png\" alt=\"\" class=\"wp-image-485\" srcset=\"https:\/\/hophop.az\/wp-content\/uploads\/2024\/06\/hiper-inci-1024x1024.png 1024w, https:\/\/hophop.az\/wp-content\/uploads\/2024\/06\/hiper-inci-300x300.png 300w, https:\/\/hophop.az\/wp-content\/uploads\/2024\/06\/hiper-inci-150x150.png 150w, https:\/\/hophop.az\/wp-content\/uploads\/2024\/06\/hiper-inci-768x768.png 768w, https:\/\/hophop.az\/wp-content\/uploads\/2024\/06\/hiper-inci.png 1080w\" sizes=\"auto, (max-width: 1024px) 100vw, 1024px\" \/><\/figure>\n<\/figure>\n","protected":false},"excerpt":{"rendered":"<p>Bu sayfada resimlerin yeni sayfada a\u00e7\u0131ld\u0131\u011f\u0131 bir galeri g\u00f6rmektesiniz. Ayn\u0131 galerinin lightbox ile a\u00e7\u0131lan haline buradan ula\u015fabilirsiniz.<\/p>\n","protected":false},"author":1,"featured_media":0,"parent":0,"menu_order":0,"comment_status":"closed","ping_status":"closed","template":"","meta":{"footnotes":""},"class_list":["post-54","page","type-page","status-publish","hentry"],"aioseo_notices":[],"_links":{"self":[{"href":"https:\/\/hophop.az\/index.php?rest_route=\/wp\/v2\/pages\/54","targetHints":{"allow":["GET"]}}],"collection":[{"href":"https:\/\/hophop.az\/index.php?rest_route=\/wp\/v2\/pages"}],"about":[{"href":"https:\/\/hophop.az\/index.php?rest_route=\/wp\/v2\/types\/page"}],"author":[{"embeddable":true,"href":"https:\/\/hophop.az\/index.php?rest_route=\/wp\/v2\/users\/1"}],"replies":[{"embeddable":true,"href":"https:\/\/hophop.az\/index.php?rest_route=%2Fwp%2Fv2%2Fcomments&post=54"}],"version-history":[{"count":7,"href":"https:\/\/hophop.az\/index.php?rest_route=\/wp\/v2\/pages\/54\/revisions"}],"predecessor-version":[{"id":486,"href":"https:\/\/hophop.az\/index.php?rest_route=\/wp\/v2\/pages\/54\/revisions\/486"}],"wp:attachment":[{"href":"https:\/\/hophop.az\/index.php?rest_route=%2Fwp%2Fv2%2Fmedia&parent=54"}],"curies":[{"name":"wp","href":"https:\/\/api.w.org\/{rel}","templated":true}]}}